{"id":205,"date":"2025-08-19T12:18:01","date_gmt":"2025-08-19T15:18:01","guid":{"rendered":"https:\/\/jornalconceitosaude.com.br\/?page_id=205"},"modified":"2025-08-19T12:18:01","modified_gmt":"2025-08-19T15:18:01","slug":"finalizar-compra","status":"publish","type":"page","link":"https:\/\/jornalconceitosaude.com.br\/?page_id=205","title":{"rendered":"Finaliza\u00e7\u00e3o de compra"},"content":{"rendered":"\n<div class=\"wp-block-woocommerce-checkout alignwide wc-block-checkout is-loading\">\n<div class=\"wp-block-woocommerce-checkout-fields-block\">\n<div class=\"wp-block-woocommerce-checkout-express-payment-block\"><\/div>\n\n\n\n<div class=\"wp-block-woocommerce-checkout-contact-information-block\"><\/div>\n\n\n\n<div class=\"wp-block-woocommerce-checkout-shipping-method-block\"><\/div>\n\n\n\n<div class=\"wp-block-woocommerce-checkout-pickup-options-block\"><\/div>\n\n\n\n<div class=\"wp-block-woocommerce-checkout-shipping-address-block\"><\/div>\n\n\n\n<div class=\"wp-block-woocommerce-checkout-billing-address-block\"><\/div>\n\n\n\n<div class=\"wp-block-woocommerce-checkout-shipping-methods-block\"><\/div>\n\n\n\n<div class=\"wp-block-woocommerce-checkout-payment-block\"><\/div>\n\n\n\n<div class=\"wp-block-woocommerce-checkout-additional-information-block\"><\/div>\n\n\n\n<div class=\"wp-block-woocommerce-checkout-order-note-block\"><\/div>\n\n\n\n<div class=\"wp-block-woocommerce-checkout-terms-block\"><\/div>\n\n\n\n<div class=\"wp-block-woocommerce-checkout-actions-block\"><\/div>\n<\/div>\n\n\n\n<div class=\"wp-block-woocommerce-checkout-totals-block\">\n<div class=\"wp-block-woocommerce-checkout-order-summary-block\">\n<div class=\"wp-block-woocommerce-checkout-order-summary-cart-items-block\"><\/div>\n\n\n\n<div class=\"wp-block-woocommerce-checkout-order-summary-coupon-form-block\"><\/div>\n\n\n\n<div class=\"wp-block-woocommerce-checkout-order-summary-subtotal-block\"><\/div>\n\n\n\n<div class=\"wp-block-woocommerce-checkout-order-summary-fee-block\"><\/div>\n\n\n\n<div class=\"wp-block-woocommerce-checkout-order-summary-discount-block\"><\/div>\n\n\n\n<div class=\"wp-block-woocommerce-checkout-order-summary-shipping-block\"><\/div>\n\n\n\n<div class=\"wp-block-woocommerce-checkout-order-summary-taxes-block\"><\/div>\n<\/div>\n<\/div>\n<\/div>\n","protected":false},"excerpt":{"rendered":"","protected":false},"author":1,"featured_media":0,"parent":0,"menu_order":0,"comment_status":"closed","ping_status":"closed","template":"","meta":{"footnotes":""},"class_list":["post-205","page","type-page","status-publish","hentry"],"yoast_head":"<!-- This site is optimized with the Yoast SEO plugin v26.9 - https:\/\/yoast.com\/product\/yoast-seo-wordpress\/ -->\n<title>Finaliza\u00e7\u00e3o de compra - Conceito Sa\u00fade<\/title>\n<meta name=\"robots\" content=\"index, follow, max-snippet:-1, max-image-preview:large, max-video-preview:-1\" \/>\n<link rel=\"canonical\" href=\"http:\/\/jornalconceitosaude.com.br\/?page_id=205\" \/>\n<meta property=\"og:locale\" content=\"pt_BR\" \/>\n<meta property=\"og:type\" content=\"article\" \/>\n<meta property=\"og:title\" content=\"Finaliza\u00e7\u00e3o de compra - Conceito Sa\u00fade\" \/>\n<meta property=\"og:url\" content=\"http:\/\/jornalconceitosaude.com.br\/?page_id=205\" \/>\n<meta property=\"og:site_name\" content=\"Conceito Sa\u00fade\" \/>\n<meta property=\"article:publisher\" content=\"https:\/\/www.facebook.com\/profile.php?id=100066798382358\" \/>\n<meta name=\"twitter:card\" content=\"summary_large_image\" \/>\n<script type=\"application\/ld+json\" class=\"yoast-schema-graph\">{\"@context\":\"https:\/\/schema.org\",\"@graph\":[{\"@type\":\"WebPage\",\"@id\":\"http:\/\/jornalconceitosaude.com.br\/?page_id=205\",\"url\":\"http:\/\/jornalconceitosaude.com.br\/?page_id=205\",\"name\":\"Finaliza\u00e7\u00e3o de compra - Conceito Sa\u00fade\",\"isPartOf\":{\"@id\":\"https:\/\/jornalconceitosaude.com.br\/#website\"},\"datePublished\":\"2025-08-19T15:18:01+00:00\",\"breadcrumb\":{\"@id\":\"http:\/\/jornalconceitosaude.com.br\/?page_id=205#breadcrumb\"},\"inLanguage\":\"pt-BR\",\"potentialAction\":[{\"@type\":\"ReadAction\",\"target\":[\"http:\/\/jornalconceitosaude.com.br\/?page_id=205\"]}]},{\"@type\":\"BreadcrumbList\",\"@id\":\"http:\/\/jornalconceitosaude.com.br\/?page_id=205#breadcrumb\",\"itemListElement\":[{\"@type\":\"ListItem\",\"position\":1,\"name\":\"In\u00edcio\",\"item\":\"https:\/\/jornalconceitosaude.com.br\/\"},{\"@type\":\"ListItem\",\"position\":2,\"name\":\"Finaliza\u00e7\u00e3o de compra\"}]},{\"@type\":\"WebSite\",\"@id\":\"https:\/\/jornalconceitosaude.com.br\/#website\",\"url\":\"https:\/\/jornalconceitosaude.com.br\/\",\"name\":\"Jornal Conceito Sa\u00fade\",\"description\":\"Desde 2012\",\"publisher\":{\"@id\":\"https:\/\/jornalconceitosaude.com.br\/#organization\"},\"potentialAction\":[{\"@type\":\"SearchAction\",\"target\":{\"@type\":\"EntryPoint\",\"urlTemplate\":\"https:\/\/jornalconceitosaude.com.br\/?s={search_term_string}\"},\"query-input\":{\"@type\":\"PropertyValueSpecification\",\"valueRequired\":true,\"valueName\":\"search_term_string\"}}],\"inLanguage\":\"pt-BR\"},{\"@type\":\"Organization\",\"@id\":\"https:\/\/jornalconceitosaude.com.br\/#organization\",\"name\":\"Editora Conceito\",\"url\":\"https:\/\/jornalconceitosaude.com.br\/\",\"logo\":{\"@type\":\"ImageObject\",\"inLanguage\":\"pt-BR\",\"@id\":\"https:\/\/jornalconceitosaude.com.br\/#\/schema\/logo\/image\/\",\"url\":\"https:\/\/jornalconceitosaude.com.br\/wp-content\/uploads\/2026\/02\/cropped-Logo-Jornal-Conceito-Saude.png\",\"contentUrl\":\"https:\/\/jornalconceitosaude.com.br\/wp-content\/uploads\/2026\/02\/cropped-Logo-Jornal-Conceito-Saude.png\",\"width\":1998,\"height\":480,\"caption\":\"Editora Conceito\"},\"image\":{\"@id\":\"https:\/\/jornalconceitosaude.com.br\/#\/schema\/logo\/image\/\"},\"sameAs\":[\"https:\/\/www.facebook.com\/profile.php?id=100066798382358\",\"https:\/\/www.instagram.com\/jornalconceitosaude\/\"]}]}<\/script>\n<!-- \/ Yoast SEO plugin. -->","yoast_head_json":{"title":"Finaliza\u00e7\u00e3o de compra - Conceito Sa\u00fade","robots":{"index":"index","follow":"follow","max-snippet":"max-snippet:-1","max-image-preview":"max-image-preview:large","max-video-preview":"max-video-preview:-1"},"canonical":"http:\/\/jornalconceitosaude.com.br\/?page_id=205","og_locale":"pt_BR","og_type":"article","og_title":"Finaliza\u00e7\u00e3o de compra - Conceito Sa\u00fade","og_url":"http:\/\/jornalconceitosaude.com.br\/?page_id=205","og_site_name":"Conceito Sa\u00fade","article_publisher":"https:\/\/www.facebook.com\/profile.php?id=100066798382358","twitter_card":"summary_large_image","schema":{"@context":"https:\/\/schema.org","@graph":[{"@type":"WebPage","@id":"http:\/\/jornalconceitosaude.com.br\/?page_id=205","url":"http:\/\/jornalconceitosaude.com.br\/?page_id=205","name":"Finaliza\u00e7\u00e3o de compra - Conceito Sa\u00fade","isPartOf":{"@id":"https:\/\/jornalconceitosaude.com.br\/#website"},"datePublished":"2025-08-19T15:18:01+00:00","breadcrumb":{"@id":"http:\/\/jornalconceitosaude.com.br\/?page_id=205#breadcrumb"},"inLanguage":"pt-BR","potentialAction":[{"@type":"ReadAction","target":["http:\/\/jornalconceitosaude.com.br\/?page_id=205"]}]},{"@type":"BreadcrumbList","@id":"http:\/\/jornalconceitosaude.com.br\/?page_id=205#breadcrumb","itemListElement":[{"@type":"ListItem","position":1,"name":"In\u00edcio","item":"https:\/\/jornalconceitosaude.com.br\/"},{"@type":"ListItem","position":2,"name":"Finaliza\u00e7\u00e3o de compra"}]},{"@type":"WebSite","@id":"https:\/\/jornalconceitosaude.com.br\/#website","url":"https:\/\/jornalconceitosaude.com.br\/","name":"Jornal Conceito Sa\u00fade","description":"Desde 2012","publisher":{"@id":"https:\/\/jornalconceitosaude.com.br\/#organization"},"potentialAction":[{"@type":"SearchAction","target":{"@type":"EntryPoint","urlTemplate":"https:\/\/jornalconceitosaude.com.br\/?s={search_term_string}"},"query-input":{"@type":"PropertyValueSpecification","valueRequired":true,"valueName":"search_term_string"}}],"inLanguage":"pt-BR"},{"@type":"Organization","@id":"https:\/\/jornalconceitosaude.com.br\/#organization","name":"Editora Conceito","url":"https:\/\/jornalconceitosaude.com.br\/","logo":{"@type":"ImageObject","inLanguage":"pt-BR","@id":"https:\/\/jornalconceitosaude.com.br\/#\/schema\/logo\/image\/","url":"https:\/\/jornalconceitosaude.com.br\/wp-content\/uploads\/2026\/02\/cropped-Logo-Jornal-Conceito-Saude.png","contentUrl":"https:\/\/jornalconceitosaude.com.br\/wp-content\/uploads\/2026\/02\/cropped-Logo-Jornal-Conceito-Saude.png","width":1998,"height":480,"caption":"Editora Conceito"},"image":{"@id":"https:\/\/jornalconceitosaude.com.br\/#\/schema\/logo\/image\/"},"sameAs":["https:\/\/www.facebook.com\/profile.php?id=100066798382358","https:\/\/www.instagram.com\/jornalconceitosaude\/"]}]}},"_links":{"self":[{"href":"https:\/\/jornalconceitosaude.com.br\/index.php?rest_route=\/wp\/v2\/pages\/205","targetHints":{"allow":["GET"]}}],"collection":[{"href":"https:\/\/jornalconceitosaude.com.br\/index.php?rest_route=\/wp\/v2\/pages"}],"about":[{"href":"https:\/\/jornalconceitosaude.com.br\/index.php?rest_route=\/wp\/v2\/types\/page"}],"author":[{"embeddable":true,"href":"https:\/\/jornalconceitosaude.com.br\/index.php?rest_route=\/wp\/v2\/users\/1"}],"replies":[{"embeddable":true,"href":"https:\/\/jornalconceitosaude.com.br\/index.php?rest_route=%2Fwp%2Fv2%2Fcomments&post=205"}],"version-history":[{"count":0,"href":"https:\/\/jornalconceitosaude.com.br\/index.php?rest_route=\/wp\/v2\/pages\/205\/revisions"}],"wp:attachment":[{"href":"https:\/\/jornalconceitosaude.com.br\/index.php?rest_route=%2Fwp%2Fv2%2Fmedia&parent=205"}],"curies":[{"name":"wp","href":"https:\/\/api.w.org\/{rel}","templated":true}]}}