{"id":2,"date":"2025-06-18T19:38:49","date_gmt":"2025-06-18T22:38:49","guid":{"rendered":"http:\/\/jornalconceitosaude.com.br\/?page_id=2"},"modified":"2026-02-09T01:10:16","modified_gmt":"2026-02-09T04:10:16","slug":"pagina-exemplo","status":"publish","type":"page","link":"https:\/\/jornalconceitosaude.com.br\/?page_id=2","title":{"rendered":"Linha editorial"},"content":{"rendered":"\n<h3 class=\"wp-block-heading\">Corpo Editorial<\/h3>\n\n\n\n\n\n<figure class=\"wp-block-image size-full\"><img  title=\"\" loading=\"lazy\" decoding=\"async\" width=\"512\" height=\"800\" src=\"http:\/\/jornalconceitosaude.com.br\/wp-content\/uploads\/2026\/02\/ARQUIVO-DE-FOTOS-MARTA.png\"  alt=\"ARQUIVO-DE-FOTOS-MARTA Linha editorial\"  class=\"wp-image-1097\" srcset=\"https:\/\/jornalconceitosaude.com.br\/wp-content\/uploads\/2026\/02\/ARQUIVO-DE-FOTOS-MARTA.png 512w, https:\/\/jornalconceitosaude.com.br\/wp-content\/uploads\/2026\/02\/ARQUIVO-DE-FOTOS-MARTA-192x300.png 192w\" sizes=\"auto, (max-width: 512px) 100vw, 512px\" \/><\/figure>\n\n\n\n<p><strong>Marta DePaula<\/strong><\/p>\n\n\n\n<p><strong>Editora-chefe: <\/strong>A vision\u00e1ria por tr\u00e1s do Jornal Conceito Sa\u00fade. Com uma paix\u00e3o inabal\u00e1vel pela fisiologia humana e pela SA\u00daDE, ela lidera este movimento de restaura\u00e7\u00e3o da sa\u00fade, desvendando o poder da boca e do nariz para que as pessoas possam viver sem o uso cont\u00ednuo de medicamentos. Sua miss\u00e3o \u00e9 empoderar pacientes e profissionais com um conhecimento que vai al\u00e9m da cura, focando na vitalidade e na longevidade<\/p>\n\n\n\n<figure class=\"wp-block-image size-full is-resized\"><img  title=\"\" loading=\"lazy\" decoding=\"async\" width=\"512\" height=\"800\" src=\"http:\/\/jornalconceitosaude.com.br\/wp-content\/uploads\/2025\/09\/ARQUIVO-DE-FOTOS-2.png\"  alt=\"ARQUIVO-DE-FOTOS-2 Linha editorial\"  class=\"wp-image-457\" style=\"width:840px;height:auto\" srcset=\"https:\/\/jornalconceitosaude.com.br\/wp-content\/uploads\/2025\/09\/ARQUIVO-DE-FOTOS-2.png 512w, https:\/\/jornalconceitosaude.com.br\/wp-content\/uploads\/2025\/09\/ARQUIVO-DE-FOTOS-2-192x300.png 192w\" sizes=\"auto, (max-width: 512px) 100vw, 512px\" \/><\/figure>\n\n\n\n<p><strong>Cezar Brites<\/strong><strong><\/strong><\/p>\n\n\n\n<p><strong>Jornalista:<\/strong> Respons\u00e1vel por traduzir a ci\u00eancia de vanguarda em uma linguagem acess\u00edvel e impactante. Com sua experi\u00eancia, ele garante que a mensagem do Jornal Conceito Sa\u00fade chegue a todos, desmistificando mitos e conectando o p\u00fablico \u00e0 verdade por tr\u00e1s das disfun\u00e7\u00f5es<\/p>\n\n\n\n<figure class=\"wp-block-image size-full\"><img  title=\"\" loading=\"lazy\" decoding=\"async\" width=\"512\" height=\"800\" src=\"http:\/\/jornalconceitosaude.com.br\/wp-content\/uploads\/2025\/09\/ARQUIVO-DE-FOTOS-4.png\"  alt=\"ARQUIVO-DE-FOTOS-4 Linha editorial\"  class=\"wp-image-459\" srcset=\"https:\/\/jornalconceitosaude.com.br\/wp-content\/uploads\/2025\/09\/ARQUIVO-DE-FOTOS-4.png 512w, https:\/\/jornalconceitosaude.com.br\/wp-content\/uploads\/2025\/09\/ARQUIVO-DE-FOTOS-4-192x300.png 192w\" sizes=\"auto, (max-width: 512px) 100vw, 512px\" \/><\/figure>\n\n\n\n<p><strong>Prof. Dr. Ant\u00f4nio Tavares Bueno Jr. MD., Ph.D<\/strong><strong><\/strong><\/p>\n\n\n\n<p><strong>Editor Cient\u00edfico: <\/strong>O pilar de conhecimento e credibilidade. Com sua vasta experi\u00eancia em medicina e pesquisa, ele valida cada conceito e cada descoberta, garantindo que o conte\u00fado do jornal seja fundamentado em ci\u00eancia de ponta. Ele \u00e9 a prova de que a nossa vis\u00e3o da fisiologia \u00e9 s\u00f3lida e inquestion\u00e1vel<\/p>\n\n\n\n<ul class=\"wp-block-list\">\n<li><strong>Editora-chefe:<\/strong> Marta DePaula<\/li>\n\n\n\n<li><strong>Jornalista:<\/strong> Cezar Brites<\/li>\n\n\n\n<li><strong>Editor Cient\u00edfico:<\/strong> Prof. Dr. Ant\u00f4nio Tavares Bueno Jr. MD., Ph.D.<\/li>\n<\/ul>\n\n\n\n<h3 class=\"wp-block-heading\">Miss\u00e3o<\/h3>\n\n\n\n<p>A miss\u00e3o do Jornal Conceito Sa\u00fade \u00e9 <strong>restaurar a percep\u00e7\u00e3o de sa\u00fade<\/strong>, educando e empoderando a sociedade sobre a import\u00e2ncia da <strong>fisiologia humana<\/strong>. Nosso prop\u00f3sito \u00e9 desvendar o conhecimento cient\u00edfico que explica por que a maioria das &#8220;doen\u00e7as&#8221; s\u00e3o, na verdade, <strong>disfun\u00e7\u00f5es<\/strong>, e oferecer o caminho para a <strong>manuten\u00e7\u00e3o da sa\u00fade<\/strong>, em vez de apenas tratar sintomas mantendo a &#8220;doen\u00e7a&#8221;. Somos a voz de um novo paradigma de cura que busca a vitalidade, a autonomia e a longevidade com sa\u00fade, sem a depend\u00eancia de medicamentos e sem recidivas.<\/p>\n\n\n\n<figure class=\"wp-block-image size-full\"><img  title=\"\" loading=\"lazy\" decoding=\"async\" width=\"512\" height=\"800\" src=\"http:\/\/jornalconceitosaude.com.br\/wp-content\/uploads\/2025\/09\/BANNERS-JORNAL-Video-para-dispositivos-moveis-7.png\"  alt=\"BANNERS-JORNAL-Video-para-dispositivos-moveis-7 Linha editorial\"  class=\"wp-image-793\" srcset=\"https:\/\/jornalconceitosaude.com.br\/wp-content\/uploads\/2025\/09\/BANNERS-JORNAL-Video-para-dispositivos-moveis-7.png 512w, https:\/\/jornalconceitosaude.com.br\/wp-content\/uploads\/2025\/09\/BANNERS-JORNAL-Video-para-dispositivos-moveis-7-192x300.png 192w\" sizes=\"auto, (max-width: 512px) 100vw, 512px\" \/><\/figure>\n\n\n\n<h3 class=\"wp-block-heading\">Vis\u00e3o<\/h3>\n\n\n\n<p>Ser a principal refer\u00eancia em jornalismo de sa\u00fade no Brasil, ser reconhecido por nossa abordagem <strong>integral, cient\u00edfica e pr\u00e1tica<\/strong>. Sermos a plataforma que conectar o p\u00fablico, a ci\u00eancia de vanguarda e os profissionais de sa\u00fade \u2014 em especial o <strong>Cirurgi\u00e3o-dentista, o DR. EXTRAORDIN\u00c1RIO<\/strong> \u2014 que formamos atrav\u00e9s dos nossos cursos e que det\u00eam o conhecimento e as ferramentas para reverter disfun\u00e7\u00f5es e restaurar a sa\u00fade plena da popula\u00e7\u00e3o.<\/p>\n\n\n\n<h3 class=\"wp-block-heading\">Nossos Pilares e Conceitos Fundamentais<\/h3>\n\n\n\n<figure class=\"wp-block-image size-full\"><img  title=\"\" loading=\"lazy\" decoding=\"async\" width=\"512\" height=\"800\" src=\"http:\/\/jornalconceitosaude.com.br\/wp-content\/uploads\/2025\/09\/@-A-SAUDE-E-O-SEU-ATIVO-DE-MAIOR-VALOR-3-3.png\"  alt=\"@-A-SAUDE-E-O-SEU-ATIVO-DE-MAIOR-VALOR-3-3 Linha editorial\"  class=\"wp-image-680\" srcset=\"https:\/\/jornalconceitosaude.com.br\/wp-content\/uploads\/2025\/09\/@-A-SAUDE-E-O-SEU-ATIVO-DE-MAIOR-VALOR-3-3.png 512w, https:\/\/jornalconceitosaude.com.br\/wp-content\/uploads\/2025\/09\/@-A-SAUDE-E-O-SEU-ATIVO-DE-MAIOR-VALOR-3-3-192x300.png 192w\" sizes=\"auto, (max-width: 512px) 100vw, 512px\" \/><\/figure>\n\n\n\n<p>Todo o conte\u00fado do Jornal Conceito Sa\u00fade \u00e9 constru\u00eddo sobre os seguintes pilares inegoci\u00e1veis:<\/p>\n\n\n\n<figure class=\"wp-block-image size-full\"><img  title=\"\" loading=\"lazy\" decoding=\"async\" width=\"512\" height=\"800\" src=\"http:\/\/jornalconceitosaude.com.br\/wp-content\/uploads\/2025\/09\/2-nariz-boca.png\"  alt=\"2-nariz-boca Linha editorial\"  class=\"wp-image-917\" srcset=\"https:\/\/jornalconceitosaude.com.br\/wp-content\/uploads\/2025\/09\/2-nariz-boca.png 512w, https:\/\/jornalconceitosaude.com.br\/wp-content\/uploads\/2025\/09\/2-nariz-boca-192x300.png 192w\" sizes=\"auto, (max-width: 512px) 100vw, 512px\" \/><\/figure>\n\n\n\n<ol start=\"1\" class=\"wp-block-list\">\n<li><strong>Fisiologia \u00e9 a Causa, N\u00e3o o Acaso:<\/strong> Acreditamos e demonstraremos que o corpo humano foi <strong>projetado para a sa\u00fade<\/strong>. A doen\u00e7a n\u00e3o \u00e9 uma falha aleat\u00f3ria, mas o resultado de disfun\u00e7\u00f5es fisiol\u00f3gicas que se acumulam ao longo do tempo. Nossa abordagem \u00e9 focada em identificar e corrigir a <strong>causa raiz<\/strong>.<\/li>\n<\/ol>\n\n\n\n<p><\/p>\n\n\n\n<figure class=\"wp-block-image size-large\"><img  title=\"\" loading=\"lazy\" decoding=\"async\" width=\"1024\" height=\"576\" src=\"http:\/\/jornalconceitosaude.com.br\/wp-content\/uploads\/2025\/09\/rascunho-antigo-cursoodontocronicos-4-1-1024x576.png\"  alt=\"rascunho-antigo-cursoodontocronicos-4-1-1024x576 Linha editorial\"  class=\"wp-image-611\" srcset=\"https:\/\/jornalconceitosaude.com.br\/wp-content\/uploads\/2025\/09\/rascunho-antigo-cursoodontocronicos-4-1-1024x576.png 1024w, https:\/\/jornalconceitosaude.com.br\/wp-content\/uploads\/2025\/09\/rascunho-antigo-cursoodontocronicos-4-1-300x169.png 300w, https:\/\/jornalconceitosaude.com.br\/wp-content\/uploads\/2025\/09\/rascunho-antigo-cursoodontocronicos-4-1-768x432.png 768w, https:\/\/jornalconceitosaude.com.br\/wp-content\/uploads\/2025\/09\/rascunho-antigo-cursoodontocronicos-4-1-600x337.png 600w, https:\/\/jornalconceitosaude.com.br\/wp-content\/uploads\/2025\/09\/rascunho-antigo-cursoodontocronicos-4-1.png 1366w\" sizes=\"auto, (max-width: 1024px) 100vw, 1024px\" \/><\/figure>\n\n\n\n<ol start=\"1\" class=\"wp-block-list\">\n<li><strong>O Maior Problema de Sa\u00fade do Mundo: o Respirador Bucal:<\/strong> O jornal tem como ponto central a exposi\u00e7\u00e3o da <strong>respira\u00e7\u00e3o bucal<\/strong> como a <strong>maior disfun\u00e7\u00e3o de sa\u00fade do mundo<\/strong>, a causa prim\u00e1ria de 92% dos problemas de sa\u00fade que a medicina rotula como &#8220;doen\u00e7a&#8221;. Cada editoria, de forma expl\u00edcita ou impl\u00edcita, conectar\u00e1 as disfun\u00e7\u00f5es \u00e0 respira\u00e7\u00e3o.<\/li>\n<\/ol>\n\n\n\n<p><\/p>\n\n\n\n<figure class=\"wp-block-image size-large\"><img  title=\"\" loading=\"lazy\" decoding=\"async\" width=\"1024\" height=\"576\" src=\"http:\/\/jornalconceitosaude.com.br\/wp-content\/uploads\/2025\/08\/Minicurso-Slide-HORMONIOS-13-1-1024x576.png\"  alt=\"Minicurso-Slide-HORMONIOS-13-1-1024x576 Linha editorial\"  class=\"wp-image-186\" srcset=\"https:\/\/jornalconceitosaude.com.br\/wp-content\/uploads\/2025\/08\/Minicurso-Slide-HORMONIOS-13-1-1024x576.png 1024w, https:\/\/jornalconceitosaude.com.br\/wp-content\/uploads\/2025\/08\/Minicurso-Slide-HORMONIOS-13-1-600x338.png 600w, https:\/\/jornalconceitosaude.com.br\/wp-content\/uploads\/2025\/08\/Minicurso-Slide-HORMONIOS-13-1-300x169.png 300w, https:\/\/jornalconceitosaude.com.br\/wp-content\/uploads\/2025\/08\/Minicurso-Slide-HORMONIOS-13-1-768x432.png 768w, https:\/\/jornalconceitosaude.com.br\/wp-content\/uploads\/2025\/08\/Minicurso-Slide-HORMONIOS-13-1.png 1280w\" sizes=\"auto, (max-width: 1024px) 100vw, 1024px\" \/><\/figure>\n\n\n\n<ol start=\"1\" class=\"wp-block-list\">\n<li><strong>A Boca o Nariz e os Horm\u00f4nios, o Trip\u00e9 da Sa\u00fade:<\/strong> O conte\u00fado \u00e9 embasado na tr\u00edade fundamental da sa\u00fade, <strong>Boca, Nariz e Horm\u00f4nios<\/strong>. Exploramos como as <strong>42 fun\u00e7\u00f5es da boca<\/strong> e as <strong>32 fun\u00e7\u00f5es do nariz<\/strong> s\u00e3o os maestros ocultos que regem o equil\u00edbrio hormonal e a sa\u00fade sist\u00eamica.<\/li>\n<\/ol>\n\n\n\n<figure class=\"wp-block-image size-full\"><img  title=\"\" loading=\"lazy\" decoding=\"async\" width=\"512\" height=\"800\" src=\"http:\/\/jornalconceitosaude.com.br\/wp-content\/uploads\/2026\/02\/image.png\"  alt=\"image Linha editorial\"  class=\"wp-image-879\" srcset=\"https:\/\/jornalconceitosaude.com.br\/wp-content\/uploads\/2026\/02\/image.png 512w, https:\/\/jornalconceitosaude.com.br\/wp-content\/uploads\/2026\/02\/image-192x300.png 192w\" sizes=\"auto, (max-width: 512px) 100vw, 512px\" \/><\/figure>\n\n\n\n<ol start=\"1\" class=\"wp-block-list\">\n<li><strong>Cura Verdadeira sem Medicamentos e sem Recidivas:<\/strong> Nossa linha editorial defende a <strong>restaura\u00e7\u00e3o da fisiologia<\/strong> como o caminho para a cura. Acreditamos que, ao corrigir as disfun\u00e7\u00f5es, o corpo retoma sua capacidade inata de se auto-regular, o que permite alcan\u00e7ar resultados duradouros sem a depend\u00eancia de medicamentos e seus efeitos colaterais. O objetivo \u00e9 a sa\u00fade, n\u00e3o a aus\u00eancia de sintomas.<\/li>\n<\/ol>\n\n\n\n<figure class=\"wp-block-image size-large\"><img  title=\"\" loading=\"lazy\" decoding=\"async\" width=\"691\" height=\"1024\" src=\"http:\/\/jornalconceitosaude.com.br\/wp-content\/uploads\/2025\/12\/SEJA-1-691x1024.png\"  alt=\"SEJA-1-691x1024 Linha editorial\"  class=\"wp-image-951\" srcset=\"https:\/\/jornalconceitosaude.com.br\/wp-content\/uploads\/2025\/12\/SEJA-1-691x1024.png 691w, https:\/\/jornalconceitosaude.com.br\/wp-content\/uploads\/2025\/12\/SEJA-1-202x300.png 202w, https:\/\/jornalconceitosaude.com.br\/wp-content\/uploads\/2025\/12\/SEJA-1-768x1139.png 768w, https:\/\/jornalconceitosaude.com.br\/wp-content\/uploads\/2025\/12\/SEJA-1-1036x1536.png 1036w, https:\/\/jornalconceitosaude.com.br\/wp-content\/uploads\/2025\/12\/SEJA-1-600x890.png 600w, https:\/\/jornalconceitosaude.com.br\/wp-content\/uploads\/2025\/12\/SEJA-1.png 1349w\" sizes=\"auto, (max-width: 691px) 100vw, 691px\" \/><\/figure>\n\n\n\n<ol start=\"1\" class=\"wp-block-list\">\n<li><strong>Empoderamento do Cirurgi\u00e3o-dentista:<\/strong> O jornal tem um papel ativo em empoderar o Cirurgi\u00e3o-dentista como o <strong>DR. EXTRAORDIN\u00c1RIO<\/strong>. Ele \u00e9 o profissional de sa\u00fade mais estrategicamente posicionado para identificar e intervir na causa prim\u00e1ria das disfun\u00e7\u00f5es, restaurando a fisiologia da boca e do nariz para a sa\u00fade sist\u00eamica. O jornal apresenta as tecnologias e os conceitos que tornam isso poss\u00edvel e tudo isso com o embasamento dos NOBEIS.<\/li>\n<\/ol>\n\n\n\n<h3 class=\"wp-block-heading\">Editorias Tem\u00e1ticas<\/h3>\n\n\n\n<p>As editorias s\u00e3o as se\u00e7\u00f5es fixas do jornal, onde os pilares conceituais se manifestar\u00e3o em conte\u00fados din\u00e2micos e variados.<\/p>\n\n\n\n<ul class=\"wp-block-list\">\n<li><strong>Sa\u00fade Integral: A Fisiologia em Foco<\/strong><\/li>\n\n\n\n<li><strong>O Poder da Respira\u00e7\u00e3o: Nariz &amp; Vida<\/strong><\/li>\n\n\n\n<li><strong>A Boca Vai Al\u00e9m: Portal da Sa\u00fade<\/strong><\/li>\n\n\n\n<li><strong>Horm\u00f4nios em Equil\u00edbrio: O Maestro Invis\u00edvel<\/strong><\/li>\n\n\n\n<li><strong>Desvendando as Disfun\u00e7\u00f5es: Al\u00e9m da Doen\u00e7a<\/strong><\/li>\n\n\n\n<li><strong>Odontologia do Futuro: Guardi\u00e3 da Sa\u00fade<\/strong><\/li>\n\n\n\n<li><strong>Sua Sa\u00fade na Pr\u00e1tica: Guia para a Transforma\u00e7\u00e3o<\/strong><\/li>\n\n\n\n<li><strong>Ci\u00eancia &amp; Inova\u00e7\u00e3o JCS<\/strong><\/li>\n<\/ul>\n\n\n\n<figure class=\"wp-block-image size-large\"><img  title=\"\" loading=\"lazy\" decoding=\"async\" width=\"1024\" height=\"576\" src=\"http:\/\/jornalconceitosaude.com.br\/wp-content\/uploads\/2025\/09\/BANNERS-JORNAL-5-1024x576.png\"  alt=\"BANNERS-JORNAL-5-1024x576 Linha editorial\"  class=\"wp-image-643\" srcset=\"https:\/\/jornalconceitosaude.com.br\/wp-content\/uploads\/2025\/09\/BANNERS-JORNAL-5-1024x576.png 1024w, https:\/\/jornalconceitosaude.com.br\/wp-content\/uploads\/2025\/09\/BANNERS-JORNAL-5-300x169.png 300w, https:\/\/jornalconceitosaude.com.br\/wp-content\/uploads\/2025\/09\/BANNERS-JORNAL-5-768x432.png 768w, https:\/\/jornalconceitosaude.com.br\/wp-content\/uploads\/2025\/09\/BANNERS-JORNAL-5-1536x864.png 1536w, https:\/\/jornalconceitosaude.com.br\/wp-content\/uploads\/2025\/09\/BANNERS-JORNAL-5-2048x1152.png 2048w, https:\/\/jornalconceitosaude.com.br\/wp-content\/uploads\/2025\/09\/BANNERS-JORNAL-5-600x338.png 600w\" sizes=\"auto, (max-width: 1024px) 100vw, 1024px\" \/><\/figure>\n\n\n\n<figure class=\"wp-block-image size-full\"><img  title=\"\" loading=\"lazy\" decoding=\"async\" width=\"512\" height=\"800\" src=\"http:\/\/jornalconceitosaude.com.br\/wp-content\/uploads\/2025\/12\/O-novo-luxo.png\"  alt=\"O-novo-luxo Linha editorial\"  class=\"wp-image-824\" srcset=\"https:\/\/jornalconceitosaude.com.br\/wp-content\/uploads\/2025\/12\/O-novo-luxo.png 512w, https:\/\/jornalconceitosaude.com.br\/wp-content\/uploads\/2025\/12\/O-novo-luxo-192x300.png 192w\" sizes=\"auto, (max-width: 512px) 100vw, 512px\" \/><\/figure>\n\n\n\n<h3 class=\"wp-block-heading\">Tom e Estilo<\/h3>\n\n\n\n<p>O tom <strong>direto, claro e empoderador<\/strong>. Linguagem cient\u00edfica, mas acess\u00edvel ao p\u00fablico leigo, desmistificando jarg\u00f5es e tornando o conhecimento pr\u00e1tico e relevante. O estilo \u00e9 desafiador, questionando o senso comum e a abordagem tradicional da doen\u00e7a, mas sempre com uma mensagem de esperan\u00e7a, mostrando que a sa\u00fade est\u00e1 ao alcance de todos.<\/p>\n\n\n\n<hr class=\"wp-block-separator has-alpha-channel-opacity\"\/>\n\n\n\n<p><\/p>\n","protected":false},"excerpt":{"rendered":"<p>Corpo Editorial Marta DePaula Editora-chefe: A vision\u00e1ria por tr\u00e1s do Jornal Conceito Sa\u00fade. Com uma paix\u00e3o inabal\u00e1vel pela fisiologia humana e pela SA\u00daDE, ela lidera este movimento de restaura\u00e7\u00e3o da sa\u00fade, desvendando o poder da boca e do nariz para que as pessoas possam viver sem o uso cont\u00ednuo de medicamentos. Sua miss\u00e3o \u00e9 empoderar [&hellip;]<\/p>\n","protected":false},"author":1,"featured_media":0,"parent":0,"menu_order":0,"comment_status":"closed","ping_status":"open","template":"","meta":{"footnotes":""},"class_list":["post-2","page","type-page","status-publish","hentry"],"yoast_head":"<!-- This site is optimized with the Yoast SEO plugin v26.9 - https:\/\/yoast.com\/product\/yoast-seo-wordpress\/ -->\n<title>Linha editorial - Conceito Sa\u00fade<\/title>\n<meta name=\"robots\" content=\"index, follow, max-snippet:-1, max-image-preview:large, max-video-preview:-1\" \/>\n<link rel=\"canonical\" href=\"https:\/\/jornalconceitosaude.com.br\/?page_id=2\" \/>\n<meta property=\"og:locale\" content=\"pt_BR\" \/>\n<meta property=\"og:type\" content=\"article\" \/>\n<meta property=\"og:title\" content=\"Linha editorial - Conceito Sa\u00fade\" \/>\n<meta property=\"og:description\" content=\"Corpo Editorial Marta DePaula Editora-chefe: A vision\u00e1ria por tr\u00e1s do Jornal Conceito Sa\u00fade. Com uma paix\u00e3o inabal\u00e1vel pela fisiologia humana e pela SA\u00daDE, ela lidera este movimento de restaura\u00e7\u00e3o da sa\u00fade, desvendando o poder da boca e do nariz para que as pessoas possam viver sem o uso cont\u00ednuo de medicamentos. Sua miss\u00e3o \u00e9 empoderar [&hellip;]\" \/>\n<meta property=\"og:url\" content=\"https:\/\/jornalconceitosaude.com.br\/?page_id=2\" \/>\n<meta property=\"og:site_name\" content=\"Conceito Sa\u00fade\" \/>\n<meta property=\"article:publisher\" content=\"https:\/\/www.facebook.com\/profile.php?id=100066798382358\" \/>\n<meta property=\"article:modified_time\" content=\"2026-02-09T04:10:16+00:00\" \/>\n<meta property=\"og:image\" content=\"http:\/\/jornalconceitosaude.com.br\/wp-content\/uploads\/2026\/02\/ARQUIVO-DE-FOTOS-MARTA.png\" \/>\n<meta name=\"twitter:card\" content=\"summary_large_image\" \/>\n<meta name=\"twitter:label1\" content=\"Est. tempo de leitura\" \/>\n\t<meta name=\"twitter:data1\" content=\"7 minutos\" \/>\n<script type=\"application\/ld+json\" class=\"yoast-schema-graph\">{\"@context\":\"https:\/\/schema.org\",\"@graph\":[{\"@type\":\"WebPage\",\"@id\":\"https:\/\/jornalconceitosaude.com.br\/?page_id=2\",\"url\":\"https:\/\/jornalconceitosaude.com.br\/?page_id=2\",\"name\":\"Linha editorial - Conceito Sa\u00fade\",\"isPartOf\":{\"@id\":\"https:\/\/jornalconceitosaude.com.br\/#website\"},\"primaryImageOfPage\":{\"@id\":\"https:\/\/jornalconceitosaude.com.br\/?page_id=2#primaryimage\"},\"image\":{\"@id\":\"https:\/\/jornalconceitosaude.com.br\/?page_id=2#primaryimage\"},\"thumbnailUrl\":\"http:\/\/jornalconceitosaude.com.br\/wp-content\/uploads\/2026\/02\/ARQUIVO-DE-FOTOS-MARTA.png\",\"datePublished\":\"2025-06-18T22:38:49+00:00\",\"dateModified\":\"2026-02-09T04:10:16+00:00\",\"breadcrumb\":{\"@id\":\"https:\/\/jornalconceitosaude.com.br\/?page_id=2#breadcrumb\"},\"inLanguage\":\"pt-BR\",\"potentialAction\":[{\"@type\":\"ReadAction\",\"target\":[\"https:\/\/jornalconceitosaude.com.br\/?page_id=2\"]}]},{\"@type\":\"ImageObject\",\"inLanguage\":\"pt-BR\",\"@id\":\"https:\/\/jornalconceitosaude.com.br\/?page_id=2#primaryimage\",\"url\":\"https:\/\/jornalconceitosaude.com.br\/wp-content\/uploads\/2026\/02\/ARQUIVO-DE-FOTOS-MARTA.png\",\"contentUrl\":\"https:\/\/jornalconceitosaude.com.br\/wp-content\/uploads\/2026\/02\/ARQUIVO-DE-FOTOS-MARTA.png\",\"width\":512,\"height\":800},{\"@type\":\"BreadcrumbList\",\"@id\":\"https:\/\/jornalconceitosaude.com.br\/?page_id=2#breadcrumb\",\"itemListElement\":[{\"@type\":\"ListItem\",\"position\":1,\"name\":\"In\u00edcio\",\"item\":\"https:\/\/jornalconceitosaude.com.br\/\"},{\"@type\":\"ListItem\",\"position\":2,\"name\":\"Linha editorial\"}]},{\"@type\":\"WebSite\",\"@id\":\"https:\/\/jornalconceitosaude.com.br\/#website\",\"url\":\"https:\/\/jornalconceitosaude.com.br\/\",\"name\":\"Jornal Conceito Sa\u00fade\",\"description\":\"Desde 2012\",\"publisher\":{\"@id\":\"https:\/\/jornalconceitosaude.com.br\/#organization\"},\"potentialAction\":[{\"@type\":\"SearchAction\",\"target\":{\"@type\":\"EntryPoint\",\"urlTemplate\":\"https:\/\/jornalconceitosaude.com.br\/?s={search_term_string}\"},\"query-input\":{\"@type\":\"PropertyValueSpecification\",\"valueRequired\":true,\"valueName\":\"search_term_string\"}}],\"inLanguage\":\"pt-BR\"},{\"@type\":\"Organization\",\"@id\":\"https:\/\/jornalconceitosaude.com.br\/#organization\",\"name\":\"Editora Conceito\",\"url\":\"https:\/\/jornalconceitosaude.com.br\/\",\"logo\":{\"@type\":\"ImageObject\",\"inLanguage\":\"pt-BR\",\"@id\":\"https:\/\/jornalconceitosaude.com.br\/#\/schema\/logo\/image\/\",\"url\":\"https:\/\/jornalconceitosaude.com.br\/wp-content\/uploads\/2026\/02\/cropped-Logo-Jornal-Conceito-Saude.png\",\"contentUrl\":\"https:\/\/jornalconceitosaude.com.br\/wp-content\/uploads\/2026\/02\/cropped-Logo-Jornal-Conceito-Saude.png\",\"width\":1998,\"height\":480,\"caption\":\"Editora Conceito\"},\"image\":{\"@id\":\"https:\/\/jornalconceitosaude.com.br\/#\/schema\/logo\/image\/\"},\"sameAs\":[\"https:\/\/www.facebook.com\/profile.php?id=100066798382358\",\"https:\/\/www.instagram.com\/jornalconceitosaude\/\"]}]}<\/script>\n<!-- \/ Yoast SEO plugin. -->","yoast_head_json":{"title":"Linha editorial - Conceito Sa\u00fade","robots":{"index":"index","follow":"follow","max-snippet":"max-snippet:-1","max-image-preview":"max-image-preview:large","max-video-preview":"max-video-preview:-1"},"canonical":"https:\/\/jornalconceitosaude.com.br\/?page_id=2","og_locale":"pt_BR","og_type":"article","og_title":"Linha editorial - Conceito Sa\u00fade","og_description":"Corpo Editorial Marta DePaula Editora-chefe: A vision\u00e1ria por tr\u00e1s do Jornal Conceito Sa\u00fade. Com uma paix\u00e3o inabal\u00e1vel pela fisiologia humana e pela SA\u00daDE, ela lidera este movimento de restaura\u00e7\u00e3o da sa\u00fade, desvendando o poder da boca e do nariz para que as pessoas possam viver sem o uso cont\u00ednuo de medicamentos. Sua miss\u00e3o \u00e9 empoderar [&hellip;]","og_url":"https:\/\/jornalconceitosaude.com.br\/?page_id=2","og_site_name":"Conceito Sa\u00fade","article_publisher":"https:\/\/www.facebook.com\/profile.php?id=100066798382358","article_modified_time":"2026-02-09T04:10:16+00:00","og_image":[{"url":"http:\/\/jornalconceitosaude.com.br\/wp-content\/uploads\/2026\/02\/ARQUIVO-DE-FOTOS-MARTA.png","type":"","width":"","height":""}],"twitter_card":"summary_large_image","twitter_misc":{"Est. tempo de leitura":"7 minutos"},"schema":{"@context":"https:\/\/schema.org","@graph":[{"@type":"WebPage","@id":"https:\/\/jornalconceitosaude.com.br\/?page_id=2","url":"https:\/\/jornalconceitosaude.com.br\/?page_id=2","name":"Linha editorial - Conceito Sa\u00fade","isPartOf":{"@id":"https:\/\/jornalconceitosaude.com.br\/#website"},"primaryImageOfPage":{"@id":"https:\/\/jornalconceitosaude.com.br\/?page_id=2#primaryimage"},"image":{"@id":"https:\/\/jornalconceitosaude.com.br\/?page_id=2#primaryimage"},"thumbnailUrl":"http:\/\/jornalconceitosaude.com.br\/wp-content\/uploads\/2026\/02\/ARQUIVO-DE-FOTOS-MARTA.png","datePublished":"2025-06-18T22:38:49+00:00","dateModified":"2026-02-09T04:10:16+00:00","breadcrumb":{"@id":"https:\/\/jornalconceitosaude.com.br\/?page_id=2#breadcrumb"},"inLanguage":"pt-BR","potentialAction":[{"@type":"ReadAction","target":["https:\/\/jornalconceitosaude.com.br\/?page_id=2"]}]},{"@type":"ImageObject","inLanguage":"pt-BR","@id":"https:\/\/jornalconceitosaude.com.br\/?page_id=2#primaryimage","url":"https:\/\/jornalconceitosaude.com.br\/wp-content\/uploads\/2026\/02\/ARQUIVO-DE-FOTOS-MARTA.png","contentUrl":"https:\/\/jornalconceitosaude.com.br\/wp-content\/uploads\/2026\/02\/ARQUIVO-DE-FOTOS-MARTA.png","width":512,"height":800},{"@type":"BreadcrumbList","@id":"https:\/\/jornalconceitosaude.com.br\/?page_id=2#breadcrumb","itemListElement":[{"@type":"ListItem","position":1,"name":"In\u00edcio","item":"https:\/\/jornalconceitosaude.com.br\/"},{"@type":"ListItem","position":2,"name":"Linha editorial"}]},{"@type":"WebSite","@id":"https:\/\/jornalconceitosaude.com.br\/#website","url":"https:\/\/jornalconceitosaude.com.br\/","name":"Jornal Conceito Sa\u00fade","description":"Desde 2012","publisher":{"@id":"https:\/\/jornalconceitosaude.com.br\/#organization"},"potentialAction":[{"@type":"SearchAction","target":{"@type":"EntryPoint","urlTemplate":"https:\/\/jornalconceitosaude.com.br\/?s={search_term_string}"},"query-input":{"@type":"PropertyValueSpecification","valueRequired":true,"valueName":"search_term_string"}}],"inLanguage":"pt-BR"},{"@type":"Organization","@id":"https:\/\/jornalconceitosaude.com.br\/#organization","name":"Editora Conceito","url":"https:\/\/jornalconceitosaude.com.br\/","logo":{"@type":"ImageObject","inLanguage":"pt-BR","@id":"https:\/\/jornalconceitosaude.com.br\/#\/schema\/logo\/image\/","url":"https:\/\/jornalconceitosaude.com.br\/wp-content\/uploads\/2026\/02\/cropped-Logo-Jornal-Conceito-Saude.png","contentUrl":"https:\/\/jornalconceitosaude.com.br\/wp-content\/uploads\/2026\/02\/cropped-Logo-Jornal-Conceito-Saude.png","width":1998,"height":480,"caption":"Editora Conceito"},"image":{"@id":"https:\/\/jornalconceitosaude.com.br\/#\/schema\/logo\/image\/"},"sameAs":["https:\/\/www.facebook.com\/profile.php?id=100066798382358","https:\/\/www.instagram.com\/jornalconceitosaude\/"]}]}},"_links":{"self":[{"href":"https:\/\/jornalconceitosaude.com.br\/index.php?rest_route=\/wp\/v2\/pages\/2","targetHints":{"allow":["GET"]}}],"collection":[{"href":"https:\/\/jornalconceitosaude.com.br\/index.php?rest_route=\/wp\/v2\/pages"}],"about":[{"href":"https:\/\/jornalconceitosaude.com.br\/index.php?rest_route=\/wp\/v2\/types\/page"}],"author":[{"embeddable":true,"href":"https:\/\/jornalconceitosaude.com.br\/index.php?rest_route=\/wp\/v2\/users\/1"}],"replies":[{"embeddable":true,"href":"https:\/\/jornalconceitosaude.com.br\/index.php?rest_route=%2Fwp%2Fv2%2Fcomments&post=2"}],"version-history":[{"count":9,"href":"https:\/\/jornalconceitosaude.com.br\/index.php?rest_route=\/wp\/v2\/pages\/2\/revisions"}],"predecessor-version":[{"id":1100,"href":"https:\/\/jornalconceitosaude.com.br\/index.php?rest_route=\/wp\/v2\/pages\/2\/revisions\/1100"}],"wp:attachment":[{"href":"https:\/\/jornalconceitosaude.com.br\/index.php?rest_route=%2Fwp%2Fv2%2Fmedia&parent=2"}],"curies":[{"name":"wp","href":"https:\/\/api.w.org\/{rel}","templated":true}]}}