{"id":1169,"date":"2026-02-16T11:43:26","date_gmt":"2026-02-16T14:43:26","guid":{"rendered":"https:\/\/jornalconceitosaude.com.br\/?page_id=1169"},"modified":"2026-02-16T12:30:31","modified_gmt":"2026-02-16T15:30:31","slug":"guia-drs-extraordinarios","status":"publish","type":"page","link":"https:\/\/jornalconceitosaude.com.br\/?page_id=1169","title":{"rendered":"Guia DRS. EXTRAORDIN\u00c1RIOS"},"content":{"rendered":"\n<p><strong>Encontre aqui um Cirurgi\u00e3o-Dentista e\/ou M\u00e9dico-Orofacial com o conhecimento da Odontologia do Futuro e\/ou Medicina Orofacial um DR. EXTRAORDIN\u00c1RIO para restaurar e manter a sua SA\u00daDE sem o uso de medicamentos e sem recidivas, corrigindo as disfun\u00e7\u00f5es fisiol\u00f3gicas dos dois \u00f3rg\u00e3os mais importantes do corpo humano: BOCA e NARIZ e equilibrando seus horm\u00f4nios.<\/strong><\/p>\n\n\n\n<p><strong>Lista por Estado<\/strong><\/p>\n\n\n\n<p><strong>ESTADO<\/strong><br>CIDADE &#8211; DR. EXTRAORDIN\u00c1RIO &#8211; INSTAGRAM<br><br><strong>AMAZ\u00d4NIA (AM)<\/strong><br>Manaus &#8211; Dra.\u00a0Lucianne Alvares Dutra &#8211;\u00a0<a href=\"https:\/\/www.instagram.com\/dra.lucianne\/\">@dra.lucianne<\/a><br><br><strong>BAHIA (BA)<\/strong><br>Ia\u00e7\u00fa &#8211; Dra. Reia V. B. Almeida &#8211;\u00a0<a href=\"https:\/\/www.instagram.com\/reiavanessa\/\">@reiavanessa\u00a0<\/a><br>Santo Estev\u00e3o &#8211; Dra.\u00a0Firminete Alves Ferreira Aguiar &#8211;\u00a0<a href=\"https:\/\/www.instagram.com\/drafirminetealves\/\">@drafirminetealves\u00a0<\/a>\u00a0<br><br><strong>CEAR\u00c1 (CE)<\/strong><br>Fortaleza\u00a0&#8211; Dra.\u00a0Olga Campos &#8211;\u00a0@olgacampos.ozonioterapia<br><br><strong>GOI\u00c1S (GO)<\/strong><\/p>\n\n\n\n<p>Goian\u00e9sia &#8211; Dra. Janete Veloso &#8211;\u00a0<a href=\"https:\/\/www.instagram.com\/janeteveloso.ozoxx.goias\/\">@janeteveloso.ozoxx.goias<\/a>\u00a0<br>Goi\u00e2nia &#8211; Dra. B\u00e1rbara Dias Domiciano &#8211;\u00a0<a href=\"https:\/\/www.instagram.com\/barbaradomiciano\/\">@barbaradomiciano<\/a><\/p>\n\n\n\n<p>Goi\u00e2nia &#8211; Dra. Juliana Sacramento &#8211;\u00a0<a href=\"https:\/\/www.instagram.com\/dra.julianasacramento\/\">@dra.julianasacramento<\/a>\u00a0<\/p>\n\n\n\n<p>Goi\u00e2nia &#8211; Dra. Luciana Gualberto de Cerqueira\u00a0<a href=\"https:\/\/www.instagram.com\/lgodontologia.goiania\/\">@lgodontologia.goiania<\/a><br>Goi\u00e2nia &#8211; Prof. Dr. Ant\u00f4nio Tavares Bueno Jr. MD, PhD. &#8211;\u00a0<a href=\"https:\/\/www.instagram.com\/jornalconceitosaude\/\">@jornalconceitosaude<\/a><br>Rio Verde &#8211; Dra.\u00a0Maria Ferraz &#8211;\u00a0<a href=\"https:\/\/www.instagram.com\/dra.mariaferraz\/\">@dra.mariaferraz\u00a0<\/a><br><br><br><strong>MINAS GERAIS (MG)<\/strong><\/p>\n\n\n\n<p>Belo Horizonte &#8211; Dra. Heloisa de M. Moreira &#8211;\u00a0<a href=\"https:\/\/www.instagram.com\/heloisaodonto\/\">@heloisaodonto\u00a0<\/a><br>Belo Horizonte &#8211; Dr. Renato Boechat Rosa &#8211;\u00a0atoboechat@yahoo.com.br<br>Contagem &#8211; Dra. M\u00f4nica Narder &#8211;\u00a0<a href=\"https:\/\/www.instagram.com\/dra.monicanader\/\">@dra.monicanader<\/a>\u00a0<br>Contagem &#8211; Dra. Andressa Torres Henriques &#8211;\u00a0<a href=\"https:\/\/www.instagram.com\/draandressatorres\/\">@draandressatorres<\/a><\/p>\n\n\n\n<p>Itajub\u00e1 &#8211; Dra. Viviane Menezes\u00a0&#8211;\u00a0<a href=\"https:\/\/www.instagram.com\/dravivianemara\/\">@dravivianemara<\/a><\/p>\n\n\n\n<p>Uberl\u00e2ndia &#8211; Dra. Janete Fonseca\u00a0&#8211;\u00a0<a href=\"https:\/\/www.instagram.com\/dra.janetefonseca\/\">@dra.janetefonseca<\/a>\u00a0<br><br><br>\u00a0<\/p>\n\n\n\n<p><strong>PAR\u00c1 (PA)<\/strong><br>Bel\u00e9m &#8211; Dra. Lozeane de Oliveira Pereira Ara\u00fajo &#8211;&nbsp;@aneoliveirapereira<br><br><strong>PARA\u00cdBA (PB)<\/strong><\/p>\n\n\n\n<p>Jo\u00e3o Pessoa &#8211; Dra. Andrea Dantas &#8211;\u00a0<a href=\"https:\/\/www.instagram.com\/dra_andreadantas\/\">@dra_andreadantas<\/a><br><br><strong>PARAN\u00c1 (PR)<\/strong><\/p>\n\n\n\n<p>Cascavel &#8211; Dr. Valdomiro R. Jr &#8211;\u00a0<a href=\"https:\/\/www.instagram.com\/dr.valdomiro.rebellato\/\">@dr.valdomiro.rebellato.jr<\/a>\u00a0<\/p>\n\n\n\n<p>Corn\u00e9lio Proc\u00f3pio &#8211; Dra. Karen Antunes Farinha &#8211;\u00a0<a href=\"https:\/\/www.instagram.com\/odontokarenantunes\/\">@odontokarenantunes\u00a0<\/a><\/p>\n\n\n\n<p>Curitiba &#8211; Dra. Ana Rosa M. Ara\u00fajo &#8211;\u00a0<a href=\"https:\/\/www.instagram.com\/anarosamenon\/\">@dra.anarosa.cwb<\/a><\/p>\n\n\n\n<p>Curitiba &#8211; Dra. Ana Sarti &#8211;\u00a0<a href=\"https:\/\/www.instagram.com\/anam.sarti\/\">@anam.sarti<\/a><br>Curitiba &#8211; Dra. Camily Cordeiro de Mello &#8211;\u00a0<a href=\"https:\/\/www.instagram.com\/dra.camilymello\/\">@dra.camilymello<\/a><br>Curitiba &#8211; Dra.\u00a0Francine Figueiredo dos Santos Cruzeta &#8211;\u00a0<a href=\"https:\/\/www.instagram.com\/drafrancinefsc\/\">@drafrancinefsc<\/a><br>Curitiba &#8211; Dr. Eriky Silvano Silva <br>Curitiba &#8211; Dr. Pedro Linares &#8211;\u00a0<a href=\"https:\/\/www.instagram.com\/dr_pedro_linares\/\">@dr_pedro_linares<\/a><br>Foz do Igua\u00e7u &#8211; Dra.\u00a0Marisete Casarin &#8211;\u00a0<a href=\"https:\/\/www.instagram.com\/dra.maricasarin\/\">@dramari.casarin<\/a><br>Loanda &#8211; Dra. Ariane Cola de O. &#8211;\u00a0<a href=\"https:\/\/www.instagram.com\/draarianecola\/\">@arianecola<\/a><br>Londrina &#8211; Dra. Francisca Ortiz &#8211;\u00a0<a href=\"https:\/\/www.instagram.com\/francisca.ortiz.9237\/\">@francisca.ortiz9237<\/a><br>Londrina &#8211; Dra. Larissa Belieiro &#8211;\u00a0<a href=\"https:\/\/www.instagram.com\/larissavicentemerlini\/\">@larissavicentemerlini<\/a><br>Santa Izabel do Oeste &#8211; Dra.\u00a0Fab\u00edola Libardi &#8211;\u00a0<a href=\"https:\/\/www.instagram.com\/fabiolalibardi\/\">@fabiolalibardi<\/a>\u00a0<br>Umuarama &#8211; Dr. Andr\u00e9 Ribeiro\u00a0&#8211;\u00a0@institutoandreribeiro<\/p>\n\n\n\n<p><strong>PERNAMBUCO (PE)<\/strong><\/p>\n\n\n\n<p>Petrolina &#8211; Dra. Rosin\u00e9a Oliveira &#8211;\u00a0<a href=\"https:\/\/www.instagram.com\/drarosineaoliveira\/\">@drarosineaoliveira\u00a0<\/a><br><br><strong>RIO DE JANEIRO (RJ)<\/strong><\/p>\n\n\n\n<p>Rio de Janeiro &#8211; Dra. Raquel Lotti &#8211;\u00a0<a href=\"https:\/\/www.instagram.com\/dra.raquellotti\/\">@raquellotti<\/a>\u00a0<\/p>\n\n\n\n<p>Rio de Janeiro &#8211; Dra. Viviane Leal &#8211;\u00a0<a href=\"https:\/\/www.instagram.com\/dra.vivianeleal_vile\/\">@dra.vivianeleal_vile\u00a0<\/a><br>Rio das Ostras &#8211; Dra. Viviane Fernandes &#8211;\u00a0<a href=\"https:\/\/www.instagram.com\/dra.viviane.fernandes\/\">@dra.viviane.fernandes\u00a0<\/a><br><br><strong>RIO GRANDE DO SUL (RS)<\/strong><\/p>\n\n\n\n<p>Guapor\u00e9 &#8211; Dra. Lucena Mafaciolli &#8211;\u00a0<a href=\"https:\/\/www.instagram.com\/dralucenamafaciolli\/\">@dralucenamafaciolli<\/a><br>Uruguaiana &#8211; Dr. Andr\u00e9 Oliveira &#8211;\u00a0<a href=\"https:\/\/www.instagram.com\/cd.dr.andreoliveira\/\">@cd.dr.andreoliveira<\/a>\u00a0<\/p>\n\n\n\n<p><br><strong>SANTA CATARINA (SC)<\/strong><\/p>\n\n\n\n<p>S\u00e3o Jos\u00e9 &#8211; Dr. Luciano Guimar\u00e3es &#8211;\u00a0<a href=\"https:\/\/www.instagram.com\/lucianoguimaraes.odontologia\/\">@lucianoguimaraes.odontologia\u00a0<\/a><\/p>\n\n\n\n<p>Arroio Trinta &#8211; Dra. Fernanda Paganini\u00a0 &#8211;\u00a0<a href=\"https:\/\/www.instagram.com\/dra.fernandapaganini\/\">@dra.fernandapaganini<\/a><\/p>\n\n\n\n<p><strong>S\u00c3O PAULO (SP)<\/strong><\/p>\n\n\n\n<p>Americana &#8211; Daniel Roberto De Assis &#8211;\u00a0<a href=\"https:\/\/www.instagram.com\/dr.danieldeassis\/\">@dr.danieldeassis<\/a><br>Atibaia &#8211; Dra. Andrea Forte\u00a0Montefusco &#8211;\u00a0@andreafmontefusco\u00a0<br>Atibaia &#8211; Dra.\u00a0Fernanda Leal Faccio &#8211;\u00a0<a href=\"https:\/\/www.instagram.com\/fernandalealfaccio\/\">@fernandalealfaccio<\/a><br>Campinas &#8211; Dra.\u00a0Eliana Missako Uehara Shimabukuro &#8211;\u00a0<a href=\"https:\/\/www.instagram.com\/elianami.odontointegrativa\/\">@elianami.odontointegrativa<\/a><\/p>\n\n\n\n<p>Guarulhos &#8211; Dra. Talita Gomes Dal Bem &#8211;\u00a0<a href=\"https:\/\/www.instagram.com\/dratalitadalbem\/\">@dratalitadalbem<\/a>\u00a0<br>Guaratinguet\u00e1 &#8211;\u00a0Tatiane Sotto Maior J. Stigert &#8211;\u00a0@dra.tatianesottomaior<\/p>\n\n\n\n<p>Osasco &#8211; Dra. Karine Rezende Ventura Brown &#8211;\u00a0<a href=\"https:\/\/www.instagram.com\/karinervbrown\/\">@karinervbrown<\/a><br>Osasco &#8211; Dra. L\u00edvia Ferreira Camillo &#8211;\u00a0<a href=\"https:\/\/www.instagram.com\/dra.liviaferreira\/\">@dra.liviaferreira<\/a><br>Ribeir\u00e3o Preto &#8211; Dra. Lilia Saito &#8211;\u00a0<a href=\"https:\/\/www.instagram.com\/liliasaito\/\">@liliasaito<\/a><br>S\u00e3o Bernardo do Campo &#8211; Dra.\u00a0Camila Garbelotto &#8211;\u00a0\u00a0<a href=\"https:\/\/www.instagram.com\/dracamilagarbelotto\/\">@dracamilagarbelotto<\/a><br>S\u00e3o Carlos &#8211; Dra. Luciana Oliveira Silva &#8211;\u00a0<a href=\"https:\/\/www.instagram.com\/dralucianaoliveirasilva\/\">@dralucianaoliveirasilva<\/a><\/p>\n\n\n\n<p>S\u00e3o Jos\u00e9 dos Campos &#8211; Dra. Juliana M. Ferreira &#8211;\u00a0<a href=\"https:\/\/www.instagram.com\/draju_odontosaojoao\/\">@draju_odontosaojoao<\/a>\u00a0<br>S\u00e3o Paulo &#8211; Dr. Luiz Alberto da Fonseca &#8211;\u00a0<a href=\"https:\/\/www.instagram.com\/dr.luizalbertodafonseca\/\">@luizalbertodafonseca<\/a><br>S\u00e3o Paulo &#8211; Dra. Andrea Regina Dias Narimatsu &#8211;\u00a0<a href=\"https:\/\/www.instagram.com\/dra.andreanarimatsu\/\">@dra.andreanarimatsu<\/a><br>S\u00e3o Paulo &#8211; Dra. Ana Paula Faria &#8211;\u00a0<a href=\"https:\/\/www.instagram.com\/dra.anapaulafaria\/\">@dra.anapaulafaria<\/a><br>S\u00e3o Paulo &#8211; Dra. Thais Annunciato &#8211;\u00a0<a href=\"https:\/\/www.instagram.com\/dra.thaisannunciato\/\">@dra.thaisannunciato<\/a><br>S\u00e3o Paulo &#8211; Dra. Elvia Costa de Souza &#8211;\u00a0<a href=\"https:\/\/www.instagram.com\/elviacosta2\/\">@elviacosta2<\/a><br>S\u00e3o Paulo &#8211; Dra. Selma Almas &#8211;\u00a0<a href=\"https:\/\/www.instagram.com\/selmaalmas\/\">@selmaalmas<\/a><br>S\u00e3o Paulo &#8211; Dra. Gisela Muassab Castanho &#8211;\u00a0@dra.giselacastanho<\/p>\n\n\n\n<p><strong>MARANH\u00c3O (MA)<\/strong><br>S\u00e3o Lu\u00eds &#8211; Dra. Deise Diniz &#8211;\u00a0<a href=\"https:\/\/www.instagram.com\/dradeisediniz\/\">@dradeisediniz<\/a><br><br><br><strong>MATO GROSSO DO SUL (MS)<\/strong><br>Campo Grande &#8211; Dr. Lauro Ar\u00e9valo Dias &#8211;\u00a0<a href=\"https:\/\/www.instagram.com\/dr_lauro_arevalo_dias\/\">@dr_lauro_arevalo_dias<\/a><\/p>\n\n\n\n<p><strong>PORTUGAL<\/strong><br>Luciene Vargas Tramontini &#8211;\u00a0<a href=\"https:\/\/www.instagram.com\/lucienevargastramontini\/\">@lucienevargastramontini<\/a><\/p>\n\n\n\n<p><\/p>\n","protected":false},"excerpt":{"rendered":"<p>Encontre aqui um Cirurgi\u00e3o-Dentista e\/ou M\u00e9dico-Orofacial com o conhecimento da Odontologia do Futuro e\/ou Medicina Orofacial um DR. EXTRAORDIN\u00c1RIO para restaurar e manter a sua SA\u00daDE sem o uso de medicamentos e sem recidivas, corrigindo as disfun\u00e7\u00f5es fisiol\u00f3gicas dos dois \u00f3rg\u00e3os mais importantes do corpo humano: BOCA e NARIZ e equilibrando seus horm\u00f4nios. Lista por [&hellip;]<\/p>\n","protected":false},"author":1,"featured_media":0,"parent":0,"menu_order":0,"comment_status":"closed","ping_status":"closed","template":"","meta":{"footnotes":""},"class_list":["post-1169","page","type-page","status-publish","hentry"],"yoast_head":"<!-- This site is optimized with the Yoast SEO plugin v26.9 - https:\/\/yoast.com\/product\/yoast-seo-wordpress\/ -->\n<title>Guia DRS. EXTRAORDIN\u00c1RIOS - Conceito Sa\u00fade<\/title>\n<meta name=\"robots\" content=\"index, follow, max-snippet:-1, max-image-preview:large, max-video-preview:-1\" \/>\n<link rel=\"canonical\" href=\"https:\/\/jornalconceitosaude.com.br\/?page_id=1169\" \/>\n<meta property=\"og:locale\" content=\"pt_BR\" \/>\n<meta property=\"og:type\" content=\"article\" \/>\n<meta property=\"og:title\" content=\"Guia DRS. EXTRAORDIN\u00c1RIOS - Conceito Sa\u00fade\" \/>\n<meta property=\"og:description\" content=\"Encontre aqui um Cirurgi\u00e3o-Dentista e\/ou M\u00e9dico-Orofacial com o conhecimento da Odontologia do Futuro e\/ou Medicina Orofacial um DR. EXTRAORDIN\u00c1RIO para restaurar e manter a sua SA\u00daDE sem o uso de medicamentos e sem recidivas, corrigindo as disfun\u00e7\u00f5es fisiol\u00f3gicas dos dois \u00f3rg\u00e3os mais importantes do corpo humano: BOCA e NARIZ e equilibrando seus horm\u00f4nios. Lista por [&hellip;]\" \/>\n<meta property=\"og:url\" content=\"https:\/\/jornalconceitosaude.com.br\/?page_id=1169\" \/>\n<meta property=\"og:site_name\" content=\"Conceito Sa\u00fade\" \/>\n<meta property=\"article:publisher\" content=\"https:\/\/www.facebook.com\/profile.php?id=100066798382358\" \/>\n<meta property=\"article:modified_time\" content=\"2026-02-16T15:30:31+00:00\" \/>\n<meta name=\"twitter:card\" content=\"summary_large_image\" \/>\n<meta name=\"twitter:label1\" content=\"Est. tempo de leitura\" \/>\n\t<meta name=\"twitter:data1\" content=\"3 minutos\" \/>\n<script type=\"application\/ld+json\" class=\"yoast-schema-graph\">{\"@context\":\"https:\/\/schema.org\",\"@graph\":[{\"@type\":\"WebPage\",\"@id\":\"https:\/\/jornalconceitosaude.com.br\/?page_id=1169\",\"url\":\"https:\/\/jornalconceitosaude.com.br\/?page_id=1169\",\"name\":\"Guia DRS. EXTRAORDIN\u00c1RIOS - Conceito Sa\u00fade\",\"isPartOf\":{\"@id\":\"https:\/\/jornalconceitosaude.com.br\/#website\"},\"datePublished\":\"2026-02-16T14:43:26+00:00\",\"dateModified\":\"2026-02-16T15:30:31+00:00\",\"breadcrumb\":{\"@id\":\"https:\/\/jornalconceitosaude.com.br\/?page_id=1169#breadcrumb\"},\"inLanguage\":\"pt-BR\",\"potentialAction\":[{\"@type\":\"ReadAction\",\"target\":[\"https:\/\/jornalconceitosaude.com.br\/?page_id=1169\"]}]},{\"@type\":\"BreadcrumbList\",\"@id\":\"https:\/\/jornalconceitosaude.com.br\/?page_id=1169#breadcrumb\",\"itemListElement\":[{\"@type\":\"ListItem\",\"position\":1,\"name\":\"In\u00edcio\",\"item\":\"https:\/\/jornalconceitosaude.com.br\/\"},{\"@type\":\"ListItem\",\"position\":2,\"name\":\"Guia DRS. EXTRAORDIN\u00c1RIOS\"}]},{\"@type\":\"WebSite\",\"@id\":\"https:\/\/jornalconceitosaude.com.br\/#website\",\"url\":\"https:\/\/jornalconceitosaude.com.br\/\",\"name\":\"Jornal Conceito Sa\u00fade\",\"description\":\"Desde 2012\",\"publisher\":{\"@id\":\"https:\/\/jornalconceitosaude.com.br\/#organization\"},\"potentialAction\":[{\"@type\":\"SearchAction\",\"target\":{\"@type\":\"EntryPoint\",\"urlTemplate\":\"https:\/\/jornalconceitosaude.com.br\/?s={search_term_string}\"},\"query-input\":{\"@type\":\"PropertyValueSpecification\",\"valueRequired\":true,\"valueName\":\"search_term_string\"}}],\"inLanguage\":\"pt-BR\"},{\"@type\":\"Organization\",\"@id\":\"https:\/\/jornalconceitosaude.com.br\/#organization\",\"name\":\"Editora Conceito\",\"url\":\"https:\/\/jornalconceitosaude.com.br\/\",\"logo\":{\"@type\":\"ImageObject\",\"inLanguage\":\"pt-BR\",\"@id\":\"https:\/\/jornalconceitosaude.com.br\/#\/schema\/logo\/image\/\",\"url\":\"https:\/\/jornalconceitosaude.com.br\/wp-content\/uploads\/2026\/02\/cropped-Logo-Jornal-Conceito-Saude.png\",\"contentUrl\":\"https:\/\/jornalconceitosaude.com.br\/wp-content\/uploads\/2026\/02\/cropped-Logo-Jornal-Conceito-Saude.png\",\"width\":1998,\"height\":480,\"caption\":\"Editora Conceito\"},\"image\":{\"@id\":\"https:\/\/jornalconceitosaude.com.br\/#\/schema\/logo\/image\/\"},\"sameAs\":[\"https:\/\/www.facebook.com\/profile.php?id=100066798382358\",\"https:\/\/www.instagram.com\/jornalconceitosaude\/\"]}]}<\/script>\n<!-- \/ Yoast SEO plugin. -->","yoast_head_json":{"title":"Guia DRS. EXTRAORDIN\u00c1RIOS - Conceito Sa\u00fade","robots":{"index":"index","follow":"follow","max-snippet":"max-snippet:-1","max-image-preview":"max-image-preview:large","max-video-preview":"max-video-preview:-1"},"canonical":"https:\/\/jornalconceitosaude.com.br\/?page_id=1169","og_locale":"pt_BR","og_type":"article","og_title":"Guia DRS. EXTRAORDIN\u00c1RIOS - Conceito Sa\u00fade","og_description":"Encontre aqui um Cirurgi\u00e3o-Dentista e\/ou M\u00e9dico-Orofacial com o conhecimento da Odontologia do Futuro e\/ou Medicina Orofacial um DR. EXTRAORDIN\u00c1RIO para restaurar e manter a sua SA\u00daDE sem o uso de medicamentos e sem recidivas, corrigindo as disfun\u00e7\u00f5es fisiol\u00f3gicas dos dois \u00f3rg\u00e3os mais importantes do corpo humano: BOCA e NARIZ e equilibrando seus horm\u00f4nios. Lista por [&hellip;]","og_url":"https:\/\/jornalconceitosaude.com.br\/?page_id=1169","og_site_name":"Conceito Sa\u00fade","article_publisher":"https:\/\/www.facebook.com\/profile.php?id=100066798382358","article_modified_time":"2026-02-16T15:30:31+00:00","twitter_card":"summary_large_image","twitter_misc":{"Est. tempo de leitura":"3 minutos"},"schema":{"@context":"https:\/\/schema.org","@graph":[{"@type":"WebPage","@id":"https:\/\/jornalconceitosaude.com.br\/?page_id=1169","url":"https:\/\/jornalconceitosaude.com.br\/?page_id=1169","name":"Guia DRS. EXTRAORDIN\u00c1RIOS - Conceito Sa\u00fade","isPartOf":{"@id":"https:\/\/jornalconceitosaude.com.br\/#website"},"datePublished":"2026-02-16T14:43:26+00:00","dateModified":"2026-02-16T15:30:31+00:00","breadcrumb":{"@id":"https:\/\/jornalconceitosaude.com.br\/?page_id=1169#breadcrumb"},"inLanguage":"pt-BR","potentialAction":[{"@type":"ReadAction","target":["https:\/\/jornalconceitosaude.com.br\/?page_id=1169"]}]},{"@type":"BreadcrumbList","@id":"https:\/\/jornalconceitosaude.com.br\/?page_id=1169#breadcrumb","itemListElement":[{"@type":"ListItem","position":1,"name":"In\u00edcio","item":"https:\/\/jornalconceitosaude.com.br\/"},{"@type":"ListItem","position":2,"name":"Guia DRS. EXTRAORDIN\u00c1RIOS"}]},{"@type":"WebSite","@id":"https:\/\/jornalconceitosaude.com.br\/#website","url":"https:\/\/jornalconceitosaude.com.br\/","name":"Jornal Conceito Sa\u00fade","description":"Desde 2012","publisher":{"@id":"https:\/\/jornalconceitosaude.com.br\/#organization"},"potentialAction":[{"@type":"SearchAction","target":{"@type":"EntryPoint","urlTemplate":"https:\/\/jornalconceitosaude.com.br\/?s={search_term_string}"},"query-input":{"@type":"PropertyValueSpecification","valueRequired":true,"valueName":"search_term_string"}}],"inLanguage":"pt-BR"},{"@type":"Organization","@id":"https:\/\/jornalconceitosaude.com.br\/#organization","name":"Editora Conceito","url":"https:\/\/jornalconceitosaude.com.br\/","logo":{"@type":"ImageObject","inLanguage":"pt-BR","@id":"https:\/\/jornalconceitosaude.com.br\/#\/schema\/logo\/image\/","url":"https:\/\/jornalconceitosaude.com.br\/wp-content\/uploads\/2026\/02\/cropped-Logo-Jornal-Conceito-Saude.png","contentUrl":"https:\/\/jornalconceitosaude.com.br\/wp-content\/uploads\/2026\/02\/cropped-Logo-Jornal-Conceito-Saude.png","width":1998,"height":480,"caption":"Editora Conceito"},"image":{"@id":"https:\/\/jornalconceitosaude.com.br\/#\/schema\/logo\/image\/"},"sameAs":["https:\/\/www.facebook.com\/profile.php?id=100066798382358","https:\/\/www.instagram.com\/jornalconceitosaude\/"]}]}},"_links":{"self":[{"href":"https:\/\/jornalconceitosaude.com.br\/index.php?rest_route=\/wp\/v2\/pages\/1169","targetHints":{"allow":["GET"]}}],"collection":[{"href":"https:\/\/jornalconceitosaude.com.br\/index.php?rest_route=\/wp\/v2\/pages"}],"about":[{"href":"https:\/\/jornalconceitosaude.com.br\/index.php?rest_route=\/wp\/v2\/types\/page"}],"author":[{"embeddable":true,"href":"https:\/\/jornalconceitosaude.com.br\/index.php?rest_route=\/wp\/v2\/users\/1"}],"replies":[{"embeddable":true,"href":"https:\/\/jornalconceitosaude.com.br\/index.php?rest_route=%2Fwp%2Fv2%2Fcomments&post=1169"}],"version-history":[{"count":3,"href":"https:\/\/jornalconceitosaude.com.br\/index.php?rest_route=\/wp\/v2\/pages\/1169\/revisions"}],"predecessor-version":[{"id":1174,"href":"https:\/\/jornalconceitosaude.com.br\/index.php?rest_route=\/wp\/v2\/pages\/1169\/revisions\/1174"}],"wp:attachment":[{"href":"https:\/\/jornalconceitosaude.com.br\/index.php?rest_route=%2Fwp%2Fv2%2Fmedia&parent=1169"}],"curies":[{"name":"wp","href":"https:\/\/api.w.org\/{rel}","templated":true}]}}