{"id":1139,"date":"2026-02-16T01:59:39","date_gmt":"2026-02-16T04:59:39","guid":{"rendered":"https:\/\/jornalconceitosaude.com.br\/?page_id=1139"},"modified":"2026-02-16T04:32:46","modified_gmt":"2026-02-16T07:32:46","slug":"saude","status":"publish","type":"page","link":"https:\/\/jornalconceitosaude.com.br\/?page_id=1139","title":{"rendered":"SA\u00daDE"},"content":{"rendered":"<ul class=\"wp-block-latest-posts__list is-grid columns-3 has-author wp-block-latest-posts\"><li><div class=\"wp-block-latest-posts__featured-image\"><img  title=\"\" loading=\"lazy\" decoding=\"async\" width=\"150\" height=\"150\" src=\"https:\/\/jornalconceitosaude.com.br\/wp-content\/uploads\/2026\/02\/marta_saude_luxo_webp-150x150.webp\" class=\"attachment-thumbnail size-thumbnail wp-post-image\"  alt=\"marta_saude_luxo_webp-150x150 SA\u00daDE\"  style=\"\" \/><\/div><a class=\"wp-block-latest-posts__post-title\" href=\"https:\/\/jornalconceitosaude.com.br\/?p=1219\">O NOVO LUXO: A SA\u00daDE COMO O ATIVO DE MAIOR VALOR<\/a><div class=\"wp-block-latest-posts__post-author\">por Marta DePaula<\/div><\/li>\n<li><div class=\"wp-block-latest-posts__featured-image\"><img  title=\"\" loading=\"lazy\" decoding=\"async\" width=\"150\" height=\"150\" src=\"https:\/\/jornalconceitosaude.com.br\/wp-content\/uploads\/2026\/02\/moeda_futuro_webp-150x150.webp\" class=\"attachment-thumbnail size-thumbnail wp-post-image\"  alt=\"moeda_futuro_webp-150x150 SA\u00daDE\"  style=\"\" \/><\/div><a class=\"wp-block-latest-posts__post-title\" href=\"https:\/\/jornalconceitosaude.com.br\/?p=1159\">POR QUE A SA\u00daDE \u00c9 A MOEDA DO FUTURO?<\/a><div class=\"wp-block-latest-posts__post-author\">por Marta DePaula<\/div><\/li>\n<li><div class=\"wp-block-latest-posts__featured-image\"><img  title=\"\" loading=\"lazy\" decoding=\"async\" width=\"150\" height=\"150\" src=\"https:\/\/jornalconceitosaude.com.br\/wp-content\/uploads\/2026\/02\/patrimonio_webp-150x150.webp\" class=\"attachment-thumbnail size-thumbnail wp-post-image\"  alt=\"patrimonio_webp-150x150 SA\u00daDE\"  style=\"\" \/><\/div><a class=\"wp-block-latest-posts__post-title\" href=\"https:\/\/jornalconceitosaude.com.br\/?p=1136\">A SA\u00daDE \u00e9 o \u00fanico patrim\u00f4nio que n\u00e3o aceita parcelamento<\/a><div class=\"wp-block-latest-posts__post-author\">por Marta DePaula<\/div><\/li>\n<\/ul>","protected":false},"excerpt":{"rendered":"","protected":false},"author":1,"featured_media":1137,"parent":0,"menu_order":0,"comment_status":"closed","ping_status":"closed","template":"","meta":{"footnotes":""},"class_list":["post-1139","page","type-page","status-publish","has-post-thumbnail","hentry"],"yoast_head":"<!-- This site is optimized with the Yoast SEO plugin v26.9 - https:\/\/yoast.com\/product\/yoast-seo-wordpress\/ -->\n<title>SA\u00daDE - Conceito Sa\u00fade<\/title>\n<meta name=\"robots\" content=\"index, follow, max-snippet:-1, max-image-preview:large, max-video-preview:-1\" \/>\n<link rel=\"canonical\" href=\"https:\/\/jornalconceitosaude.com.br\/?page_id=1139\" \/>\n<meta property=\"og:locale\" content=\"pt_BR\" \/>\n<meta property=\"og:type\" content=\"article\" \/>\n<meta property=\"og:title\" content=\"SA\u00daDE - Conceito Sa\u00fade\" \/>\n<meta property=\"og:url\" content=\"https:\/\/jornalconceitosaude.com.br\/?page_id=1139\" \/>\n<meta property=\"og:site_name\" content=\"Conceito Sa\u00fade\" \/>\n<meta property=\"article:publisher\" content=\"https:\/\/www.facebook.com\/profile.php?id=100066798382358\" \/>\n<meta property=\"article:modified_time\" content=\"2026-02-16T07:32:46+00:00\" \/>\n<meta property=\"og:image\" content=\"https:\/\/jornalconceitosaude.com.br\/wp-content\/uploads\/2026\/02\/Marta-Banner.png\" \/>\n\t<meta property=\"og:image:width\" content=\"1280\" \/>\n\t<meta property=\"og:image:height\" content=\"720\" \/>\n\t<meta property=\"og:image:type\" content=\"image\/png\" \/>\n<meta name=\"twitter:card\" content=\"summary_large_image\" \/>\n<meta name=\"twitter:label1\" content=\"Est. tempo de leitura\" \/>\n\t<meta name=\"twitter:data1\" content=\"1 minuto\" \/>\n<script type=\"application\/ld+json\" class=\"yoast-schema-graph\">{\"@context\":\"https:\/\/schema.org\",\"@graph\":[{\"@type\":\"WebPage\",\"@id\":\"https:\/\/jornalconceitosaude.com.br\/?page_id=1139\",\"url\":\"https:\/\/jornalconceitosaude.com.br\/?page_id=1139\",\"name\":\"SA\u00daDE - Conceito Sa\u00fade\",\"isPartOf\":{\"@id\":\"https:\/\/jornalconceitosaude.com.br\/#website\"},\"primaryImageOfPage\":{\"@id\":\"https:\/\/jornalconceitosaude.com.br\/?page_id=1139#primaryimage\"},\"image\":{\"@id\":\"https:\/\/jornalconceitosaude.com.br\/?page_id=1139#primaryimage\"},\"thumbnailUrl\":\"https:\/\/jornalconceitosaude.com.br\/wp-content\/uploads\/2026\/02\/Marta-Banner.png\",\"datePublished\":\"2026-02-16T04:59:39+00:00\",\"dateModified\":\"2026-02-16T07:32:46+00:00\",\"breadcrumb\":{\"@id\":\"https:\/\/jornalconceitosaude.com.br\/?page_id=1139#breadcrumb\"},\"inLanguage\":\"pt-BR\",\"potentialAction\":[{\"@type\":\"ReadAction\",\"target\":[\"https:\/\/jornalconceitosaude.com.br\/?page_id=1139\"]}]},{\"@type\":\"ImageObject\",\"inLanguage\":\"pt-BR\",\"@id\":\"https:\/\/jornalconceitosaude.com.br\/?page_id=1139#primaryimage\",\"url\":\"https:\/\/jornalconceitosaude.com.br\/wp-content\/uploads\/2026\/02\/Marta-Banner.png\",\"contentUrl\":\"https:\/\/jornalconceitosaude.com.br\/wp-content\/uploads\/2026\/02\/Marta-Banner.png\",\"width\":1280,\"height\":720},{\"@type\":\"BreadcrumbList\",\"@id\":\"https:\/\/jornalconceitosaude.com.br\/?page_id=1139#breadcrumb\",\"itemListElement\":[{\"@type\":\"ListItem\",\"position\":1,\"name\":\"In\u00edcio\",\"item\":\"https:\/\/jornalconceitosaude.com.br\/\"},{\"@type\":\"ListItem\",\"position\":2,\"name\":\"SA\u00daDE\"}]},{\"@type\":\"WebSite\",\"@id\":\"https:\/\/jornalconceitosaude.com.br\/#website\",\"url\":\"https:\/\/jornalconceitosaude.com.br\/\",\"name\":\"Jornal Conceito Sa\u00fade\",\"description\":\"Desde 2012\",\"publisher\":{\"@id\":\"https:\/\/jornalconceitosaude.com.br\/#organization\"},\"potentialAction\":[{\"@type\":\"SearchAction\",\"target\":{\"@type\":\"EntryPoint\",\"urlTemplate\":\"https:\/\/jornalconceitosaude.com.br\/?s={search_term_string}\"},\"query-input\":{\"@type\":\"PropertyValueSpecification\",\"valueRequired\":true,\"valueName\":\"search_term_string\"}}],\"inLanguage\":\"pt-BR\"},{\"@type\":\"Organization\",\"@id\":\"https:\/\/jornalconceitosaude.com.br\/#organization\",\"name\":\"Editora Conceito\",\"url\":\"https:\/\/jornalconceitosaude.com.br\/\",\"logo\":{\"@type\":\"ImageObject\",\"inLanguage\":\"pt-BR\",\"@id\":\"https:\/\/jornalconceitosaude.com.br\/#\/schema\/logo\/image\/\",\"url\":\"https:\/\/jornalconceitosaude.com.br\/wp-content\/uploads\/2026\/02\/cropped-Logo-Jornal-Conceito-Saude.png\",\"contentUrl\":\"https:\/\/jornalconceitosaude.com.br\/wp-content\/uploads\/2026\/02\/cropped-Logo-Jornal-Conceito-Saude.png\",\"width\":1998,\"height\":480,\"caption\":\"Editora Conceito\"},\"image\":{\"@id\":\"https:\/\/jornalconceitosaude.com.br\/#\/schema\/logo\/image\/\"},\"sameAs\":[\"https:\/\/www.facebook.com\/profile.php?id=100066798382358\",\"https:\/\/www.instagram.com\/jornalconceitosaude\/\"]}]}<\/script>\n<!-- \/ Yoast SEO plugin. -->","yoast_head_json":{"title":"SA\u00daDE - Conceito Sa\u00fade","robots":{"index":"index","follow":"follow","max-snippet":"max-snippet:-1","max-image-preview":"max-image-preview:large","max-video-preview":"max-video-preview:-1"},"canonical":"https:\/\/jornalconceitosaude.com.br\/?page_id=1139","og_locale":"pt_BR","og_type":"article","og_title":"SA\u00daDE - Conceito Sa\u00fade","og_url":"https:\/\/jornalconceitosaude.com.br\/?page_id=1139","og_site_name":"Conceito Sa\u00fade","article_publisher":"https:\/\/www.facebook.com\/profile.php?id=100066798382358","article_modified_time":"2026-02-16T07:32:46+00:00","og_image":[{"width":1280,"height":720,"url":"https:\/\/jornalconceitosaude.com.br\/wp-content\/uploads\/2026\/02\/Marta-Banner.png","type":"image\/png"}],"twitter_card":"summary_large_image","twitter_misc":{"Est. tempo de leitura":"1 minuto"},"schema":{"@context":"https:\/\/schema.org","@graph":[{"@type":"WebPage","@id":"https:\/\/jornalconceitosaude.com.br\/?page_id=1139","url":"https:\/\/jornalconceitosaude.com.br\/?page_id=1139","name":"SA\u00daDE - Conceito Sa\u00fade","isPartOf":{"@id":"https:\/\/jornalconceitosaude.com.br\/#website"},"primaryImageOfPage":{"@id":"https:\/\/jornalconceitosaude.com.br\/?page_id=1139#primaryimage"},"image":{"@id":"https:\/\/jornalconceitosaude.com.br\/?page_id=1139#primaryimage"},"thumbnailUrl":"https:\/\/jornalconceitosaude.com.br\/wp-content\/uploads\/2026\/02\/Marta-Banner.png","datePublished":"2026-02-16T04:59:39+00:00","dateModified":"2026-02-16T07:32:46+00:00","breadcrumb":{"@id":"https:\/\/jornalconceitosaude.com.br\/?page_id=1139#breadcrumb"},"inLanguage":"pt-BR","potentialAction":[{"@type":"ReadAction","target":["https:\/\/jornalconceitosaude.com.br\/?page_id=1139"]}]},{"@type":"ImageObject","inLanguage":"pt-BR","@id":"https:\/\/jornalconceitosaude.com.br\/?page_id=1139#primaryimage","url":"https:\/\/jornalconceitosaude.com.br\/wp-content\/uploads\/2026\/02\/Marta-Banner.png","contentUrl":"https:\/\/jornalconceitosaude.com.br\/wp-content\/uploads\/2026\/02\/Marta-Banner.png","width":1280,"height":720},{"@type":"BreadcrumbList","@id":"https:\/\/jornalconceitosaude.com.br\/?page_id=1139#breadcrumb","itemListElement":[{"@type":"ListItem","position":1,"name":"In\u00edcio","item":"https:\/\/jornalconceitosaude.com.br\/"},{"@type":"ListItem","position":2,"name":"SA\u00daDE"}]},{"@type":"WebSite","@id":"https:\/\/jornalconceitosaude.com.br\/#website","url":"https:\/\/jornalconceitosaude.com.br\/","name":"Jornal Conceito Sa\u00fade","description":"Desde 2012","publisher":{"@id":"https:\/\/jornalconceitosaude.com.br\/#organization"},"potentialAction":[{"@type":"SearchAction","target":{"@type":"EntryPoint","urlTemplate":"https:\/\/jornalconceitosaude.com.br\/?s={search_term_string}"},"query-input":{"@type":"PropertyValueSpecification","valueRequired":true,"valueName":"search_term_string"}}],"inLanguage":"pt-BR"},{"@type":"Organization","@id":"https:\/\/jornalconceitosaude.com.br\/#organization","name":"Editora Conceito","url":"https:\/\/jornalconceitosaude.com.br\/","logo":{"@type":"ImageObject","inLanguage":"pt-BR","@id":"https:\/\/jornalconceitosaude.com.br\/#\/schema\/logo\/image\/","url":"https:\/\/jornalconceitosaude.com.br\/wp-content\/uploads\/2026\/02\/cropped-Logo-Jornal-Conceito-Saude.png","contentUrl":"https:\/\/jornalconceitosaude.com.br\/wp-content\/uploads\/2026\/02\/cropped-Logo-Jornal-Conceito-Saude.png","width":1998,"height":480,"caption":"Editora Conceito"},"image":{"@id":"https:\/\/jornalconceitosaude.com.br\/#\/schema\/logo\/image\/"},"sameAs":["https:\/\/www.facebook.com\/profile.php?id=100066798382358","https:\/\/www.instagram.com\/jornalconceitosaude\/"]}]}},"_links":{"self":[{"href":"https:\/\/jornalconceitosaude.com.br\/index.php?rest_route=\/wp\/v2\/pages\/1139","targetHints":{"allow":["GET"]}}],"collection":[{"href":"https:\/\/jornalconceitosaude.com.br\/index.php?rest_route=\/wp\/v2\/pages"}],"about":[{"href":"https:\/\/jornalconceitosaude.com.br\/index.php?rest_route=\/wp\/v2\/types\/page"}],"author":[{"embeddable":true,"href":"https:\/\/jornalconceitosaude.com.br\/index.php?rest_route=\/wp\/v2\/users\/1"}],"replies":[{"embeddable":true,"href":"https:\/\/jornalconceitosaude.com.br\/index.php?rest_route=%2Fwp%2Fv2%2Fcomments&post=1139"}],"version-history":[{"count":9,"href":"https:\/\/jornalconceitosaude.com.br\/index.php?rest_route=\/wp\/v2\/pages\/1139\/revisions"}],"predecessor-version":[{"id":1168,"href":"https:\/\/jornalconceitosaude.com.br\/index.php?rest_route=\/wp\/v2\/pages\/1139\/revisions\/1168"}],"wp:featuredmedia":[{"embeddable":true,"href":"https:\/\/jornalconceitosaude.com.br\/index.php?rest_route=\/wp\/v2\/media\/1137"}],"wp:attachment":[{"href":"https:\/\/jornalconceitosaude.com.br\/index.php?rest_route=%2Fwp%2Fv2%2Fmedia&parent=1139"}],"curies":[{"name":"wp","href":"https:\/\/api.w.org\/{rel}","templated":true}]}}